{"id":21153,"date":"2025-04-13T20:46:36","date_gmt":"2025-04-13T18:46:36","guid":{"rendered":"https:\/\/divaceramica.com\/?post_type=product&#038;p=21153"},"modified":"2025-04-13T20:58:11","modified_gmt":"2025-04-13T18:58:11","slug":"ensemble-de-douche-encastre-3-pieces","status":"publish","type":"product","link":"https:\/\/divaceramica.com\/en\/product\/ensemble-de-douche-encastre-3-pieces\/","title":{"rendered":"Ensemble de Douche Encastr\u00e9 3 Pi\u00e8ces"},"content":{"rendered":"","protected":false},"excerpt":{"rendered":"<p>Ligne de projet &#8211; Corps int\u00e9rieur Batterie d&rsquo;installation de baignoire 3 pi\u00e8ces. Cartouche c\u00e9ramique Noken Tri-Control \u00d840 mm avec inverseur int\u00e9gr\u00e9.<\/p>","protected":false},"featured_media":21155,"template":"","meta":{"inline_featured_image":false},"product_cat":[81],"product_tag":[],"class_list":{"0":"post-21153","1":"product","2":"type-product","3":"status-publish","4":"has-post-thumbnail","6":"product_cat-salles-de-bains","8":"first","9":"instock","10":"shipping-taxable","11":"product-type-simple"},"_links":{"self":[{"href":"https:\/\/divaceramica.com\/en\/wp-json\/wp\/v2\/product\/21153","targetHints":{"allow":["GET"]}}],"collection":[{"href":"https:\/\/divaceramica.com\/en\/wp-json\/wp\/v2\/product"}],"about":[{"href":"https:\/\/divaceramica.com\/en\/wp-json\/wp\/v2\/types\/product"}],"wp:featuredmedia":[{"embeddable":true,"href":"https:\/\/divaceramica.com\/en\/wp-json\/wp\/v2\/media\/21155"}],"wp:attachment":[{"href":"https:\/\/divaceramica.com\/en\/wp-json\/wp\/v2\/media?parent=21153"}],"wp:term":[{"taxonomy":"product_cat","embeddable":true,"href":"https:\/\/divaceramica.com\/en\/wp-json\/wp\/v2\/product_cat?post=21153"},{"taxonomy":"product_tag","embeddable":true,"href":"https:\/\/divaceramica.com\/en\/wp-json\/wp\/v2\/product_tag?post=21153"}],"curies":[{"name":"wp","href":"https:\/\/api.w.org\/{rel}","templated":true}]}}