{"id":21110,"date":"2025-04-13T19:36:02","date_gmt":"2025-04-13T17:36:02","guid":{"rendered":"https:\/\/divaceramica.com\/?post_type=product&#038;p=21110"},"modified":"2025-04-15T15:10:10","modified_gmt":"2025-04-15T13:10:10","slug":"colosseo-plus","status":"publish","type":"product","link":"https:\/\/divaceramica.com\/en\/product\/colosseo-plus\/","title":{"rendered":"COLOSSEO PLUS"},"content":{"rendered":"","protected":false},"excerpt":{"rendered":"<p>inspir\u00e9e de la pierre Dolomite qui gagne en force, en charme et en singularit\u00e9 au fil de l&rsquo;usure du temps. Cette s\u00e9rie allie avec \u00e9l\u00e9gance beaut\u00e9 naturelle et fonctionnalit\u00e9. Avec ses veines prononc\u00e9es, elle conf\u00e8re une touche de naturel et de raffinement \u00e0 toutes les pi\u00e8ces.<\/p>\n<table class=\"woocommerce-product-attributes shop_attributes\">\n<tbody>\n<tr class=\"woocommerce-product-attributes-item woocommerce-product-attributes-item--weight\">\n<th class=\"woocommerce-product-attributes-item__label\">\n<h5>FORMATS DISPONIBLES:<\/h5>\n<\/th>\n<td class=\"woocommerce-product-attributes-item__value\"><strong>122,2X122,2 cm<\/strong><\/p>\n<p><strong>90X90 cm<\/strong><\/p>\n<p><strong>61X122,2 cm\u00a0<\/strong><\/p>\n<p><strong>60X90 cm<\/strong><\/p>\n<p><strong>61X61 cm<\/strong><\/td>\n<\/tr>\n<\/tbody>\n<\/table>","protected":false},"featured_media":21111,"template":"","meta":{"inline_featured_image":false},"product_cat":[79,178],"product_tag":[],"class_list":{"0":"post-21110","1":"product","2":"type-product","3":"status-publish","4":"has-post-thumbnail","6":"product_cat-carrelage","7":"product_cat-carrelage-sol","9":"first","10":"instock","11":"shipping-taxable","12":"product-type-simple"},"_links":{"self":[{"href":"https:\/\/divaceramica.com\/en\/wp-json\/wp\/v2\/product\/21110","targetHints":{"allow":["GET"]}}],"collection":[{"href":"https:\/\/divaceramica.com\/en\/wp-json\/wp\/v2\/product"}],"about":[{"href":"https:\/\/divaceramica.com\/en\/wp-json\/wp\/v2\/types\/product"}],"wp:featuredmedia":[{"embeddable":true,"href":"https:\/\/divaceramica.com\/en\/wp-json\/wp\/v2\/media\/21111"}],"wp:attachment":[{"href":"https:\/\/divaceramica.com\/en\/wp-json\/wp\/v2\/media?parent=21110"}],"wp:term":[{"taxonomy":"product_cat","embeddable":true,"href":"https:\/\/divaceramica.com\/en\/wp-json\/wp\/v2\/product_cat?post=21110"},{"taxonomy":"product_tag","embeddable":true,"href":"https:\/\/divaceramica.com\/en\/wp-json\/wp\/v2\/product_tag?post=21110"}],"curies":[{"name":"wp","href":"https:\/\/api.w.org\/{rel}","templated":true}]}}