{"id":21085,"date":"2025-04-12T18:18:23","date_gmt":"2025-04-12T16:18:23","guid":{"rendered":"https:\/\/divaceramica.com\/?post_type=product&#038;p=21085"},"modified":"2025-04-15T15:13:22","modified_gmt":"2025-04-15T13:13:22","slug":"metaline","status":"publish","type":"product","link":"https:\/\/divaceramica.com\/en\/product\/metaline\/","title":{"rendered":"METALINE"},"content":{"rendered":"","protected":false},"excerpt":{"rendered":"<p>Le nouveau et \u00e9nergique gr\u00e8s c\u00e9rame exprime cinq effets vibrants, incarne toute l\u2019essence de la mati\u00e8re authentique et propose ainsi un rev\u00eatement qui sait interpr\u00e9ter au mieux l\u2019architecture contemporaine.<\/p>\n<table class=\"woocommerce-product-attributes shop_attributes\">\n<tbody>\n<tr class=\"woocommerce-product-attributes-item woocommerce-product-attributes-item--weight\">\n<th class=\"woocommerce-product-attributes-item__label\">FORMATS DISPONIBLES<\/th>\n<td class=\"woocommerce-product-attributes-item__value\">300&#215;600<\/p>\n<p>600&#215;600<\/p>\n<p>600&#215;1200<\/p>\n<p>800&#215;800<\/p>\n<p>800&#215;1600<\/p>\n<p>1200&#215;1200<\/td>\n<\/tr>\n<\/tbody>\n<\/table>","protected":false},"featured_media":21087,"template":"","meta":{"inline_featured_image":false},"product_cat":[79,179],"product_tag":[],"class_list":{"0":"post-21085","1":"product","2":"type-product","3":"status-publish","4":"has-post-thumbnail","6":"product_cat-carrelage","7":"product_cat-carrelage-mur","9":"first","10":"instock","11":"shipping-taxable","12":"product-type-simple"},"_links":{"self":[{"href":"https:\/\/divaceramica.com\/en\/wp-json\/wp\/v2\/product\/21085","targetHints":{"allow":["GET"]}}],"collection":[{"href":"https:\/\/divaceramica.com\/en\/wp-json\/wp\/v2\/product"}],"about":[{"href":"https:\/\/divaceramica.com\/en\/wp-json\/wp\/v2\/types\/product"}],"wp:featuredmedia":[{"embeddable":true,"href":"https:\/\/divaceramica.com\/en\/wp-json\/wp\/v2\/media\/21087"}],"wp:attachment":[{"href":"https:\/\/divaceramica.com\/en\/wp-json\/wp\/v2\/media?parent=21085"}],"wp:term":[{"taxonomy":"product_cat","embeddable":true,"href":"https:\/\/divaceramica.com\/en\/wp-json\/wp\/v2\/product_cat?post=21085"},{"taxonomy":"product_tag","embeddable":true,"href":"https:\/\/divaceramica.com\/en\/wp-json\/wp\/v2\/product_tag?post=21085"}],"curies":[{"name":"wp","href":"https:\/\/api.w.org\/{rel}","templated":true}]}}