{"id":2677,"date":"2023-03-09T08:15:06","date_gmt":"2023-03-09T08:15:06","guid":{"rendered":"http:\/\/source.wpopal.com\/hnice\/?page_id=2677"},"modified":"2025-02-04T12:24:53","modified_gmt":"2025-02-04T11:24:53","slug":"installation","status":"publish","type":"page","link":"https:\/\/divaceramica.com\/en\/installation\/","title":{"rendered":"Installation"},"content":{"rendered":"<div data-elementor-type=\"wp-page\" data-elementor-id=\"2677\" class=\"elementor elementor-2677\">\n\t\t\t\t<div class=\"elementor-element elementor-element-f2be859 e-flex e-con-boxed e-con e-parent\" data-id=\"f2be859\" data-element_type=\"container\" data-e-type=\"container\" data-settings=\"{&quot;background_background&quot;:&quot;classic&quot;}\">\n\t\t\t\t\t<div class=\"e-con-inner\">\n\t\t<div class=\"elementor-element elementor-element-b641572 e-con-full e-flex e-con e-child\" data-id=\"b641572\" data-element_type=\"container\" data-e-type=\"container\">\n\t\t\t\t<div class=\"elementor-element elementor-element-f153f36 elementor-widget elementor-widget-image\" data-id=\"f153f36\" data-element_type=\"widget\" data-e-type=\"widget\" data-widget_type=\"image.default\">\n\t\t\t\t<div class=\"elementor-widget-container\">\n\t\t\t\t\t\t\t\t\t\t\t\t\t\t\t\t<a href=\"http:\/\/source.wpopal.com\/hnice\/shop\/?shop_banner=banner-categories\">\n\t\t\t\t\t\t\t<img fetchpriority=\"high\" decoding=\"async\" width=\"1217\" height=\"1475\" src=\"https:\/\/divaceramica.com\/wp-content\/uploads\/2025\/02\/installation2.png\" class=\"attachment-full size-full wp-image-20706\" alt=\"\" srcset=\"https:\/\/divaceramica.com\/wp-content\/uploads\/2025\/02\/installation2.png 1217w, https:\/\/divaceramica.com\/wp-content\/uploads\/2025\/02\/installation2-248x300.png 248w, https:\/\/divaceramica.com\/wp-content\/uploads\/2025\/02\/installation2-845x1024.png 845w, https:\/\/divaceramica.com\/wp-content\/uploads\/2025\/02\/installation2-768x931.png 768w, https:\/\/divaceramica.com\/wp-content\/uploads\/2025\/02\/installation2-800x970.png 800w\" sizes=\"(max-width: 1217px) 100vw, 1217px\" \/>\t\t\t\t\t\t\t\t<\/a>\n\t\t\t\t\t\t\t\t\t\t\t\t\t\t\t<\/div>\n\t\t\t\t<\/div>\n\t\t\t\t<\/div>\n\t\t<div class=\"elementor-element elementor-element-9bb2dbb e-con-full e-flex e-con e-child\" data-id=\"9bb2dbb\" data-element_type=\"container\" data-e-type=\"container\">\n\t\t\t\t<div class=\"elementor-element elementor-element-7cf2f82 subtitle-position-above elementor-align-center elementor-widget__width-initial elementor-widget elementor-widget-hnice-heading\" data-id=\"7cf2f82\" data-element_type=\"widget\" data-e-type=\"widget\" data-widget_type=\"hnice-heading.default\">\n\t\t\t\t<div class=\"elementor-widget-container\">\n\t\t\t\t\t<div class=\"elementor-heading-wrapper-inner\"><h2 class=\"elementor-heading-title elementor-size-default\">Une Installation Professionnelle et Sur-Mesure<\/h2><div class=\"elementor-sub-title\">Diva Ceramica<\/div><\/div>\t\t\t\t<\/div>\n\t\t\t\t<\/div>\n\t\t\t\t<div class=\"elementor-element elementor-element-cda37c5 elementor-widget__width-initial elementor-widget elementor-widget-text-editor\" data-id=\"cda37c5\" data-element_type=\"widget\" data-e-type=\"widget\" data-widget_type=\"text-editor.default\">\n\t\t\t\t<div class=\"elementor-widget-container\">\n\t\t\t\t\t\t\t\t\t<p>Chez <strong>Diva Ceramica<\/strong>, nous ne nous contentons pas seulement de vous offrir des produits d\u2019exception pour votre salle de bains. Nous assurons \u00e9galement <strong>l\u2019installation compl\u00e8te<\/strong> de vos \u00e9quipements, r\u00e9alis\u00e9e par des professionnels qualifi\u00e9s.<\/p><p><strong>Diva Ceramica, de la conception \u00e0 l\u2019installation, nous r\u00e9alisons votre projet avec excellence.<\/strong><\/p>\t\t\t\t\t\t\t\t<\/div>\n\t\t\t\t<\/div>\n\t\t\t\t<div class=\"elementor-element elementor-element-9896dc9 elementor-align-center elementor-button-outline elementor-widget elementor-widget-button\" data-id=\"9896dc9\" data-element_type=\"widget\" data-e-type=\"widget\" data-widget_type=\"button.default\">\n\t\t\t\t<div class=\"elementor-widget-container\">\n\t\t\t\t\t\t\t\t\t<div class=\"elementor-button-wrapper\">\n\t\t\t\t\t<a class=\"elementor-button elementor-button-link elementor-size-sm\" href=\"\/en\/contact\/\">\n\t\t\t\t\t\t<span class=\"elementor-button-content-wrapper\">\n\t\t\t\t\t\t<span class=\"elementor-button-icon\">\n\t\t\t\t<i aria-hidden=\"true\" class=\"hnice-icon- hnice-icon-right-arrow\"><\/i>\t\t\t<\/span>\n\t\t\t\t\t\t\t\t\t<span class=\"elementor-button-text\">Contactez nous<\/span>\n\t\t\t\t\t<\/span>\n\t\t\t\t\t<\/a>\n\t\t\t\t<\/div>\n\t\t\t\t\t\t\t\t<\/div>\n\t\t\t\t<\/div>\n\t\t\t\t<div class=\"elementor-element elementor-element-4037e45 elementor-widget elementor-widget-image\" data-id=\"4037e45\" data-element_type=\"widget\" data-e-type=\"widget\" data-settings=\"{&quot;_animation&quot;:&quot;none&quot;}\" data-widget_type=\"image.default\">\n\t\t\t\t<div class=\"elementor-widget-container\">\n\t\t\t\t\t\t\t\t\t\t\t\t\t\t\t\t<a href=\"http:\/\/source.wpopal.com\/hnice\/shop\/?shop_banner=banner-categories\">\n\t\t\t\t\t\t\t<img decoding=\"async\" width=\"800\" height=\"800\" src=\"https:\/\/divaceramica.com\/wp-content\/uploads\/2025\/02\/Sans-titresdsd.png\" class=\"attachment-full size-full wp-image-20716\" alt=\"\" srcset=\"https:\/\/divaceramica.com\/wp-content\/uploads\/2025\/02\/Sans-titresdsd.png 800w, https:\/\/divaceramica.com\/wp-content\/uploads\/2025\/02\/Sans-titresdsd-300x300.png 300w, https:\/\/divaceramica.com\/wp-content\/uploads\/2025\/02\/Sans-titresdsd-150x150.png 150w, https:\/\/divaceramica.com\/wp-content\/uploads\/2025\/02\/Sans-titresdsd-768x768.png 768w, https:\/\/divaceramica.com\/wp-content\/uploads\/2025\/02\/Sans-titresdsd-460x460.png 460w\" sizes=\"(max-width: 800px) 100vw, 800px\" \/>\t\t\t\t\t\t\t\t<\/a>\n\t\t\t\t\t\t\t\t\t\t\t\t\t\t\t<\/div>\n\t\t\t\t<\/div>\n\t\t\t\t<\/div>\n\t\t\t\t\t<\/div>\n\t\t\t\t<\/div>\n\t\t\t\t<\/div>","protected":false},"excerpt":{"rendered":"<p>Une Installation Professionnelle et Sur-Mesure Diva Ceramica Chez Diva Ceramica, nous ne nous contentons pas seulement de vous offrir des produits d\u2019exception pour votre salle de bains. Nous assurons \u00e9galement l\u2019installation compl\u00e8te de vos \u00e9quipements, r\u00e9alis\u00e9e par des professionnels qualifi\u00e9s. Diva Ceramica, de la conception \u00e0 l\u2019installation, nous r\u00e9alisons votre projet avec excellence. Contactez nous<\/p>","protected":false},"author":1,"featured_media":0,"parent":0,"menu_order":0,"comment_status":"closed","ping_status":"closed","template":"","meta":{"inline_featured_image":false,"footnotes":""},"class_list":["post-2677","page","type-page","status-publish","hentry"],"_links":{"self":[{"href":"https:\/\/divaceramica.com\/en\/wp-json\/wp\/v2\/pages\/2677","targetHints":{"allow":["GET"]}}],"collection":[{"href":"https:\/\/divaceramica.com\/en\/wp-json\/wp\/v2\/pages"}],"about":[{"href":"https:\/\/divaceramica.com\/en\/wp-json\/wp\/v2\/types\/page"}],"author":[{"embeddable":true,"href":"https:\/\/divaceramica.com\/en\/wp-json\/wp\/v2\/users\/1"}],"replies":[{"embeddable":true,"href":"https:\/\/divaceramica.com\/en\/wp-json\/wp\/v2\/comments?post=2677"}],"version-history":[{"count":58,"href":"https:\/\/divaceramica.com\/en\/wp-json\/wp\/v2\/pages\/2677\/revisions"}],"predecessor-version":[{"id":20852,"href":"https:\/\/divaceramica.com\/en\/wp-json\/wp\/v2\/pages\/2677\/revisions\/20852"}],"wp:attachment":[{"href":"https:\/\/divaceramica.com\/en\/wp-json\/wp\/v2\/media?parent=2677"}],"curies":[{"name":"wp","href":"https:\/\/api.w.org\/{rel}","templated":true}]}}